{"id":33,"date":"2025-09-11T20:11:36","date_gmt":"2025-09-12T01:11:36","guid":{"rendered":"https:\/\/premiumluxurytravel.com\/?page_id=33"},"modified":"2025-10-21T19:37:11","modified_gmt":"2025-10-22T00:37:11","slug":"nosotros","status":"publish","type":"page","link":"https:\/\/premiumluxurytravel.com\/es\/nosotros\/","title":{"rendered":"SOBRE NOSOTROS"},"content":{"rendered":"\n<div class=\"wp-block-group alignfull has-primary-accent-background-color has-background\" style=\"margin-top:0px;margin-bottom:0px;padding-top:0;padding-right:15px;padding-bottom:0;padding-left:15px\"><div class=\"wp-block-group__inner-container is-layout-constrained wp-container-core-group-is-layout-7bcde03e wp-block-group-is-layout-constrained\">\n<div class=\"wp-block-group\" style=\"margin-top:0px;margin-bottom:0px;padding-top:var(--wp--preset--spacing--64);padding-right:15px;padding-left:var(--wp--preset--spacing--100)\"><div class=\"wp-block-group__inner-container is-layout-constrained wp-container-core-group-is-layout-63ca4660 wp-block-group-is-layout-constrained\">\n<p class=\"has-text-align-left\">Somos una agencia de viajes dedicada a crear experiencias exclusivas y memorables. Nos especializamos en acompa\u00f1ar a nuestros clientes m\u00e1s exigentes en cada etapa de su viaje, ofreciendo un servicio integral y personalizado, desde la elecci\u00f3n del destino hasta su regreso.<\/p>\n<\/div><\/div>\n\n\n\n<div class=\"wp-block-group alignwide\"><div class=\"wp-block-group__inner-container is-layout-flow wp-block-group-is-layout-flow\">\n<figure class=\"wp-block-image size-full is-style-default\"><img loading=\"lazy\" decoding=\"async\" width=\"2560\" height=\"1707\" src=\"https:\/\/premiumluxurytravel.com\/wp-content\/uploads\/2025\/09\/articulos-de-viaje-de-vista-superior-sobre-fondo-de-madera-scaled.jpg\" alt=\"\" class=\"wp-image-165\" srcset=\"https:\/\/premiumluxurytravel.com\/wp-content\/uploads\/2025\/09\/articulos-de-viaje-de-vista-superior-sobre-fondo-de-madera-scaled.jpg 2560w, https:\/\/premiumluxurytravel.com\/wp-content\/uploads\/2025\/09\/articulos-de-viaje-de-vista-superior-sobre-fondo-de-madera-scaled-600x400.jpg 600w, https:\/\/premiumluxurytravel.com\/wp-content\/uploads\/2025\/09\/articulos-de-viaje-de-vista-superior-sobre-fondo-de-madera-300x200.jpg 300w, https:\/\/premiumluxurytravel.com\/wp-content\/uploads\/2025\/09\/articulos-de-viaje-de-vista-superior-sobre-fondo-de-madera-1024x683.jpg 1024w, https:\/\/premiumluxurytravel.com\/wp-content\/uploads\/2025\/09\/articulos-de-viaje-de-vista-superior-sobre-fondo-de-madera-768x512.jpg 768w, https:\/\/premiumluxurytravel.com\/wp-content\/uploads\/2025\/09\/articulos-de-viaje-de-vista-superior-sobre-fondo-de-madera-1536x1024.jpg 1536w, https:\/\/premiumluxurytravel.com\/wp-content\/uploads\/2025\/09\/articulos-de-viaje-de-vista-superior-sobre-fondo-de-madera-2048x1365.jpg 2048w, https:\/\/premiumluxurytravel.com\/wp-content\/uploads\/2025\/09\/articulos-de-viaje-de-vista-superior-sobre-fondo-de-madera-90x60.jpg 90w\" sizes=\"auto, (max-width: 2560px) 100vw, 2560px\" \/><\/figure>\n<\/div><\/div>\n<\/div><\/div>\n\n\n\n<div class=\"wp-block-group alignfull\" style=\"padding-top:var(--wp--preset--spacing--100);padding-right:15px;padding-bottom:var(--wp--preset--spacing--100);padding-left:15px\"><div class=\"wp-block-group__inner-container is-layout-constrained wp-container-core-group-is-layout-42dda337 wp-block-group-is-layout-constrained\">\n<div class=\"wp-block-group alignwide\"><div class=\"wp-block-group__inner-container is-layout-flow wp-block-group-is-layout-flow\">\n<pre class=\"wp-block-code\"><code><\/code><\/pre>\n\n\n\n<h2 class=\"wp-block-heading has-text-align-center has-x-large-font-size\" style=\"font-style:normal;font-weight:300\"><strong>NUESTRA MISI\u00d3N Y VISI\u00d3N <\/strong><\/h2>\n\n\n\n<hr class=\"wp-block-separator has-text-color has-primary-color has-alpha-channel-opacity has-primary-background-color has-background is-style-default\" style=\"margin-top:24px;margin-bottom:var(--wp--preset--spacing--56)\"\/>\n\n\n\n<div class=\"wp-block-group\"><div class=\"wp-block-group__inner-container is-layout-flow wp-block-group-is-layout-flow\">\n<div class=\"wp-block-group is-style-slide-up-fade-in-animation\"><div class=\"wp-block-group__inner-container is-layout-flow wp-block-group-is-layout-flow\">\n<div class=\"wp-block-columns is-layout-flex wp-container-core-columns-is-layout-4f8499c8 wp-block-columns-is-layout-flex\">\n<div class=\"wp-block-column is-layout-flow wp-block-column-is-layout-flow\" style=\"flex-basis:25%\">\n<div class=\"wp-block-group is-style-default\"><div class=\"wp-block-group__inner-container is-layout-constrained wp-block-group-is-layout-constrained\"><div class=\"wp-block-image\">\n<figure class=\"aligncenter size-full is-resized has-custom-border\"><img loading=\"lazy\" decoding=\"async\" width=\"195\" height=\"296\" src=\"https:\/\/premiumluxurytravel.com\/wp-content\/uploads\/2025\/09\/cropped-Group-12-1.png\" alt=\"\" class=\"wp-image-23\" style=\"border-radius:1000px;object-fit:contain;width:105px;height:auto\" srcset=\"https:\/\/premiumluxurytravel.com\/wp-content\/uploads\/2025\/09\/cropped-Group-12-1.png 195w, https:\/\/premiumluxurytravel.com\/wp-content\/uploads\/2025\/09\/cropped-Group-12-1-40x60.png 40w\" sizes=\"auto, (max-width: 195px) 100vw, 195px\" \/><\/figure>\n<\/div>\n\n\n<h3 class=\"wp-block-heading has-text-align-center has-medium-font-size\" style=\"margin-top:24px;margin-bottom:8px;font-style:normal;font-weight:300\"><strong>Misi\u00f3n<\/strong><\/h3>\n\n\n\n<p class=\"has-text-align-center\"><\/p>\n<\/div><\/div>\n<\/div>\n\n\n\n<div class=\"wp-block-column is-layout-flow wp-block-column-is-layout-flow\">\n<p>Guiar y asistir a nuestros clientes en cada etapa de su viaje, ofreciendo un servicio 360 de principio a fin. Nos dedicamos a dise\u00f1ar itinerarios personalizados con los m\u00e1s altos est\u00e1ndares de calidad, garantizando una atenci\u00f3n exclusiva, asesor\u00eda experta y acceso a experiencias \u00fanicas. A trav\u00e9s de nuestro compromiso con la excelencia, convertimos cada viaje en una aventura inolvidable, adaptada a los deseos y necesidades de cada viajero.<\/p>\n<\/div>\n<\/div>\n<\/div><\/div>\n\n\n\n<hr class=\"wp-block-separator has-text-color has-alpha-channel-opacity has-background is-style-wide wp-container-content-9cfa9a5a\" style=\"background-color:#2b263614;color:#2b263614\"\/>\n\n\n\n<div class=\"wp-block-group is-style-slide-up-fade-in-animation\"><div class=\"wp-block-group__inner-container is-layout-flow wp-block-group-is-layout-flow\">\n<div class=\"wp-block-columns is-layout-flex wp-container-core-columns-is-layout-4f8499c8 wp-block-columns-is-layout-flex\">\n<div class=\"wp-block-column is-layout-flow wp-block-column-is-layout-flow\" style=\"flex-basis:25%\">\n<div class=\"wp-block-group\"><div class=\"wp-block-group__inner-container is-layout-constrained wp-block-group-is-layout-constrained\"><div class=\"wp-block-image is-style-default\">\n<figure class=\"aligncenter size-full is-resized has-custom-border\"><img loading=\"lazy\" decoding=\"async\" width=\"195\" height=\"296\" src=\"https:\/\/premiumluxurytravel.com\/wp-content\/uploads\/2025\/09\/cropped-Group-12-1.png\" alt=\"\" class=\"wp-image-23\" style=\"border-radius:1000px;object-fit:contain;width:160px;height:160px\" srcset=\"https:\/\/premiumluxurytravel.com\/wp-content\/uploads\/2025\/09\/cropped-Group-12-1.png 195w, https:\/\/premiumluxurytravel.com\/wp-content\/uploads\/2025\/09\/cropped-Group-12-1-40x60.png 40w\" sizes=\"auto, (max-width: 195px) 100vw, 195px\" \/><\/figure>\n<\/div>\n\n\n<h3 class=\"wp-block-heading has-text-align-center has-medium-font-size\" style=\"margin-top:24px;margin-bottom:8px;font-style:normal;font-weight:300\"><strong>Visi\u00f3n<\/strong><\/h3>\n\n\n\n<p class=\"has-text-align-center\"><\/p>\n<\/div><\/div>\n<\/div>\n\n\n\n<div class=\"wp-block-column is-layout-flow wp-block-column-is-layout-flow\">\n<p>Ser la agencia de viajes l\u00edder en el mercado de alta gama, reconocida por crear experiencias de viaje exclusivas y memorables que superan las expectativas de nuestros clientes m\u00e1s exigentes. Buscamos ser el referente de un servicio integral, donde cada detalle del viaje est\u00e1 perfectamente orquestado, desde la planificaci\u00f3n hasta el regreso.<\/p>\n\n\n\n\n<\/div>\n<\/div>\n<\/div><\/div>\n\n\n\n<hr class=\"wp-block-separator has-text-color has-alpha-channel-opacity has-background is-style-wide wp-container-content-9cfa9a5a\" style=\"background-color:#2b263614;color:#2b263614\"\/>\n<\/div><\/div>\n<\/div><\/div>\n\n\n\n<div class=\"wp-block-group alignwide\"><div class=\"wp-block-group__inner-container is-layout-flow wp-block-group-is-layout-flow\">\n<figure class=\"wp-block-image size-full\"><img loading=\"lazy\" decoding=\"async\" width=\"2560\" height=\"1707\" src=\"https:\/\/premiumluxurytravel.com\/wp-content\/uploads\/2025\/09\/vista-superior-de-la-disposicion-de-los-articulos-de-viaje-scaled.jpg\" alt=\"\" class=\"wp-image-164\" srcset=\"https:\/\/premiumluxurytravel.com\/wp-content\/uploads\/2025\/09\/vista-superior-de-la-disposicion-de-los-articulos-de-viaje-scaled.jpg 2560w, https:\/\/premiumluxurytravel.com\/wp-content\/uploads\/2025\/09\/vista-superior-de-la-disposicion-de-los-articulos-de-viaje-scaled-600x400.jpg 600w, https:\/\/premiumluxurytravel.com\/wp-content\/uploads\/2025\/09\/vista-superior-de-la-disposicion-de-los-articulos-de-viaje-300x200.jpg 300w, https:\/\/premiumluxurytravel.com\/wp-content\/uploads\/2025\/09\/vista-superior-de-la-disposicion-de-los-articulos-de-viaje-1024x683.jpg 1024w, https:\/\/premiumluxurytravel.com\/wp-content\/uploads\/2025\/09\/vista-superior-de-la-disposicion-de-los-articulos-de-viaje-768x512.jpg 768w, https:\/\/premiumluxurytravel.com\/wp-content\/uploads\/2025\/09\/vista-superior-de-la-disposicion-de-los-articulos-de-viaje-1536x1024.jpg 1536w, https:\/\/premiumluxurytravel.com\/wp-content\/uploads\/2025\/09\/vista-superior-de-la-disposicion-de-los-articulos-de-viaje-2048x1365.jpg 2048w, https:\/\/premiumluxurytravel.com\/wp-content\/uploads\/2025\/09\/vista-superior-de-la-disposicion-de-los-articulos-de-viaje-90x60.jpg 90w\" sizes=\"auto, (max-width: 2560px) 100vw, 2560px\" \/><\/figure>\n<\/div><\/div>\n<\/div><\/div>\n\n\n\n<div style=\"height:50px\" aria-hidden=\"true\" class=\"wp-block-spacer\"><\/div>\n\n\n\n<hr class=\"wp-block-separator has-alpha-channel-opacity\"\/>\n\n\n\n<div style=\"height:50px\" aria-hidden=\"true\" class=\"wp-block-spacer\"><\/div>\n\n\n\n<div class=\"wp-block-group\" style=\"margin-top:0;margin-bottom:0;padding-top:var(--wp--preset--spacing--100);padding-right:15px;padding-bottom:0;padding-left:15px\"><div class=\"wp-block-group__inner-container is-layout-constrained wp-container-core-group-is-layout-2688609d wp-block-group-is-layout-constrained\">\n<div class=\"wp-block-columns alignwide is-layout-flex wp-container-core-columns-is-layout-87dca135 wp-block-columns-is-layout-flex\" style=\"border-bottom-color:#2b263614;border-bottom-width:1px;margin-top:0px;margin-bottom:0px;padding-bottom:var(--wp--preset--spacing--100)\">\n<div class=\"wp-block-column is-layout-flow wp-block-column-is-layout-flow\" style=\"flex-basis:50%\">\n\n\n\n\n\n\n\n\n\n\n\n\n<h2 class=\"wp-block-heading has-xx-large-font-size\" style=\"margin-bottom:24px\">\u00bfPor qu\u00e9 reservar con nosotros?<\/h2>\n\n\n\n<figure class=\"wp-block-image size-large is-style-default\"><img loading=\"lazy\" decoding=\"async\" width=\"1024\" height=\"683\" src=\"https:\/\/premiumluxurytravel.com\/wp-content\/uploads\/2025\/10\/arreglo-de-articulos-turisticos-de-vista-superior-1024x683.jpg\" alt=\"\" class=\"wp-image-450\" srcset=\"https:\/\/premiumluxurytravel.com\/wp-content\/uploads\/2025\/10\/arreglo-de-articulos-turisticos-de-vista-superior-1024x683.jpg 1024w, https:\/\/premiumluxurytravel.com\/wp-content\/uploads\/2025\/10\/arreglo-de-articulos-turisticos-de-vista-superior-scaled-600x400.jpg 600w, https:\/\/premiumluxurytravel.com\/wp-content\/uploads\/2025\/10\/arreglo-de-articulos-turisticos-de-vista-superior-300x200.jpg 300w, https:\/\/premiumluxurytravel.com\/wp-content\/uploads\/2025\/10\/arreglo-de-articulos-turisticos-de-vista-superior-768x512.jpg 768w, https:\/\/premiumluxurytravel.com\/wp-content\/uploads\/2025\/10\/arreglo-de-articulos-turisticos-de-vista-superior-1536x1024.jpg 1536w, https:\/\/premiumluxurytravel.com\/wp-content\/uploads\/2025\/10\/arreglo-de-articulos-turisticos-de-vista-superior-2048x1365.jpg 2048w, https:\/\/premiumluxurytravel.com\/wp-content\/uploads\/2025\/10\/arreglo-de-articulos-turisticos-de-vista-superior-90x60.jpg 90w\" sizes=\"auto, (max-width: 1024px) 100vw, 1024px\" \/><\/figure>\n\n\n\n<p class=\"has-heading-color has-text-color has-link-color has-small-font-size wp-elements-13fd3534704f510859fb42c8bdbadd32\" style=\"margin-top:0px;margin-bottom:24px\">En nuestra agencia, cada itinerario est\u00e1 dise\u00f1ado con precisi\u00f3n, estilo y atenci\u00f3n personalizada. No solo reservamos viajes: creamos experiencias memorables, optimizadas para quienes valoran su tiempo, comodidad y exclusividad. Si eres top, tu viaje tambi\u00e9n debe serlo.<\/p>\n\n\n\n<p class=\"has-heading-color has-text-color has-link-color has-small-font-size wp-elements-9c9d6fc5daae976c27ee97d12d4c9071\" style=\"margin-top:0px;margin-bottom:32px\"><\/p>\n<\/div>\n\n\n\n<div class=\"wp-block-column is-layout-flow wp-block-column-is-layout-flow\" style=\"flex-basis:50%\">\n<div class=\"wp-block-group is-style-slide-up-fade-in-animation has-border-color is-horizontal is-content-justification-left is-nowrap is-layout-flex wp-container-core-group-is-layout-e413e930 wp-block-group-is-layout-flex\" style=\"border-color:#2b263614;border-width:1px;border-radius:16px;padding-top:24px;padding-right:24px;padding-bottom:24px;padding-left:24px\">\n<div class=\"wp-block-columns is-layout-flex wp-container-core-columns-is-layout-9d6595d7 wp-block-columns-is-layout-flex\">\n<div class=\"wp-block-column is-layout-flow wp-block-column-is-layout-flow\" style=\"flex-basis:16%\">\n<div class=\"wp-block-group is-nowrap is-layout-flex wp-container-core-group-is-layout-ad2f72ca wp-block-group-is-layout-flex\">\n<div class=\"wp-block-group has-primary-accent-background-color has-background wp-container-content-962be591\" style=\"border-radius:100%\"><div class=\"wp-block-group__inner-container is-layout-constrained wp-block-group-is-layout-constrained\">\n<h2 class=\"wp-block-heading has-text-align-center has-primary-color has-text-color has-link-color has-large-font-size wp-elements-97a2e498d8e1be2f7ac74e94f8cfaf1f\" style=\"font-style:normal;font-weight:300\"><strong>01<\/strong><\/h2>\n<\/div><\/div>\n<\/div>\n<\/div>\n\n\n\n<div class=\"wp-block-column is-layout-flow wp-block-column-is-layout-flow\" style=\"flex-basis:84%\">\n<div class=\"wp-block-group\"><div class=\"wp-block-group__inner-container is-layout-constrained wp-block-group-is-layout-constrained\">\n<h4 class=\"wp-block-heading has-medium-large-font-size\" style=\"margin-bottom:8px;font-style:normal;font-weight:300\"><strong>Atenci\u00f3n personalizada<\/strong><\/h4>\n\n\n\n<p class=\"has-small-font-size\" style=\"margin-top:0px;line-height:1.77\">En nuestra agencia, no dise\u00f1amos viajes; creamos experiencias a tu medida. Cada itinerario es \u00fanico porque lo construimos en base a tus gustos, necesidades y sue\u00f1os. Desde la elecci\u00f3n del destino hasta los detalles m\u00e1s peque\u00f1os, nuestro equipo de expertos te guiar\u00e1 con una atenci\u00f3n cercana y exclusiva, asegurando que cada momento de tu viaje sea exactamente como lo imaginaste.<\/p>\n<\/div><\/div>\n<\/div>\n<\/div>\n<\/div>\n\n\n\n<div class=\"wp-block-group is-style-slide-up-fade-in-animation has-border-color is-horizontal is-content-justification-left is-nowrap is-layout-flex wp-container-core-group-is-layout-e413e930 wp-block-group-is-layout-flex\" style=\"border-color:#2b263614;border-width:1px;border-radius:16px;padding-top:24px;padding-right:24px;padding-bottom:24px;padding-left:24px\">\n<div class=\"wp-block-columns is-layout-flex wp-container-core-columns-is-layout-9d6595d7 wp-block-columns-is-layout-flex\">\n<div class=\"wp-block-column is-layout-flow wp-block-column-is-layout-flow\" style=\"flex-basis:16%\">\n<div class=\"wp-block-group is-nowrap is-layout-flex wp-container-core-group-is-layout-ad2f72ca wp-block-group-is-layout-flex\">\n<div class=\"wp-block-group has-primary-accent-background-color has-background wp-container-content-962be591\" style=\"border-radius:100%\"><div class=\"wp-block-group__inner-container is-layout-constrained wp-block-group-is-layout-constrained\">\n<h2 class=\"wp-block-heading has-text-align-center has-primary-color has-text-color has-link-color has-large-font-size wp-elements-c840d302e21745eb7f38a40a0a0c2cb3\" style=\"font-style:normal;font-weight:300\"><strong>02<\/strong><\/h2>\n<\/div><\/div>\n<\/div>\n<\/div>\n\n\n\n<div class=\"wp-block-column is-layout-flow wp-block-column-is-layout-flow\" style=\"flex-basis:84%\">\n<div class=\"wp-block-group\"><div class=\"wp-block-group__inner-container is-layout-constrained wp-block-group-is-layout-constrained\">\n<h4 class=\"wp-block-heading has-medium-large-font-size\" style=\"margin-bottom:8px;font-style:normal;font-weight:300\"><strong>Acompa\u00f1amiento de inicio a fin<\/strong><\/h4>\n\n\n\n<p class=\"has-small-font-size\" style=\"margin-top:0px;line-height:1.77\">Viajar debe ser una experiencia sin preocupaciones. Por eso, en nuestra agencia te acompa\u00f1amos en cada etapa, desde la planificaci\u00f3n inicial hasta tu regreso a casa. Nos encargamos de todos los detalles, como reservas, traslados y permisos, para que solo te concentres en disfrutar. Con nuestro soporte continuo, tienes la tranquilidad de que siempre habr\u00e1 un experto a tu lado, listo para asistirte en cualquier momento.<\/p>\n<\/div><\/div>\n<\/div>\n<\/div>\n<\/div>\n\n\n\n<div class=\"wp-block-group is-style-slide-up-fade-in-animation has-border-color is-horizontal is-content-justification-left is-nowrap is-layout-flex wp-container-core-group-is-layout-e413e930 wp-block-group-is-layout-flex\" style=\"border-color:#2b263614;border-width:1px;border-radius:16px;padding-top:24px;padding-right:24px;padding-bottom:24px;padding-left:24px\">\n<div class=\"wp-block-columns is-layout-flex wp-container-core-columns-is-layout-9d6595d7 wp-block-columns-is-layout-flex\">\n<div class=\"wp-block-column is-layout-flow wp-block-column-is-layout-flow\" style=\"flex-basis:16%\">\n<div class=\"wp-block-group is-nowrap is-layout-flex wp-container-core-group-is-layout-ad2f72ca wp-block-group-is-layout-flex\">\n<div class=\"wp-block-group has-primary-accent-background-color has-background wp-container-content-962be591\" style=\"border-radius:100%\"><div class=\"wp-block-group__inner-container is-layout-constrained wp-block-group-is-layout-constrained\">\n<h2 class=\"wp-block-heading has-text-align-center has-primary-color has-text-color has-link-color has-large-font-size wp-elements-cbf9c4ea7ba0c6ad5e9d63bc25aeee80\" style=\"font-style:normal;font-weight:300\"><strong>03<\/strong><\/h2>\n<\/div><\/div>\n<\/div>\n<\/div>\n\n\n\n<div class=\"wp-block-column is-layout-flow wp-block-column-is-layout-flow\" style=\"flex-basis:84%\">\n<div class=\"wp-block-group\"><div class=\"wp-block-group__inner-container is-layout-constrained wp-block-group-is-layout-constrained\">\n<h4 class=\"wp-block-heading has-medium-large-font-size\" style=\"margin-bottom:8px;font-style:normal;font-weight:300\"><strong>Expertos locales a tu servicio<\/strong><\/h4>\n\n\n\n<p class=\"has-small-font-size\" style=\"margin-top:0px;line-height:1.77\">Somos una agencia de viajes local. Cuando reservas con nosotros, obtienes los mejores precios posibles, directamente, sin intermediarios.<\/p>\n<\/div><\/div>\n<\/div>\n<\/div>\n<\/div>\n<\/div>\n<\/div>\n<\/div><\/div>\n","protected":false},"excerpt":{"rendered":"<p>Somos una agencia de viajes dedicada a crear experiencias exclusivas y memorables. Nos especializamos en acompa\u00f1ar a nuestros clientes m\u00e1s exigentes en cada etapa de su viaje, ofreciendo un servicio integral y personalizado, desde la elecci\u00f3n del destino hasta su regreso. NUESTRA MISI\u00d3N Y VISI\u00d3N &hellip; <\/p>\n","protected":false},"author":1,"featured_media":0,"parent":0,"menu_order":0,"comment_status":"closed","ping_status":"closed","template":"templates\/team.php","meta":{"footnotes":""},"class_list":["post-33","page","type-page","status-publish","hentry","latest_post"],"_links":{"self":[{"href":"https:\/\/premiumluxurytravel.com\/es\/wp-json\/wp\/v2\/pages\/33","targetHints":{"allow":["GET"]}}],"collection":[{"href":"https:\/\/premiumluxurytravel.com\/es\/wp-json\/wp\/v2\/pages"}],"about":[{"href":"https:\/\/premiumluxurytravel.com\/es\/wp-json\/wp\/v2\/types\/page"}],"author":[{"embeddable":true,"href":"https:\/\/premiumluxurytravel.com\/es\/wp-json\/wp\/v2\/users\/1"}],"replies":[{"embeddable":true,"href":"https:\/\/premiumluxurytravel.com\/es\/wp-json\/wp\/v2\/comments?post=33"}],"version-history":[{"count":12,"href":"https:\/\/premiumluxurytravel.com\/es\/wp-json\/wp\/v2\/pages\/33\/revisions"}],"predecessor-version":[{"id":819,"href":"https:\/\/premiumluxurytravel.com\/es\/wp-json\/wp\/v2\/pages\/33\/revisions\/819"}],"wp:attachment":[{"href":"https:\/\/premiumluxurytravel.com\/es\/wp-json\/wp\/v2\/media?parent=33"}],"curies":[{"name":"wp","href":"https:\/\/api.w.org\/{rel}","templated":true}]}}